{"id":2,"date":"2010-01-13T23:50:09","date_gmt":"2010-01-13T22:50:09","guid":{"rendered":"http:\/\/vasibajnokok.hu\/?page_id=2"},"modified":"2018-11-18T22:51:00","modified_gmt":"2018-11-18T21:51:00","slug":"magunkrol","status":"publish","type":"page","link":"https:\/\/vasibajnokok.hu\/?page_id=2","title":{"rendered":"Magunkr\u00f3l"},"content":{"rendered":"<div id=\"openpage_0\">\n<h2>Tisztelt kor\u00e1bbi \u00e9s leend\u0151 \u00dcgyfeleink!<\/h2>\n<p><a href=\"http:\/\/vasibajnokok.hu\/wp-content\/uploads\/logo.jpg\"><img loading=\"lazy\" class=\"alignleft size-full wp-image-73\" title=\"logo\" src=\"http:\/\/vasibajnokok.hu\/wp-content\/uploads\/logo.jpg\" alt=\"\" width=\"60\" height=\"37\" \/><\/a>A szombathelyi Vasi Bajnokok Bet\u00e9ti T\u00e1rsas\u00e1got 2002-ben alap\u00edtottam, ahol egyetlen \u00e1lland\u00f3 alkalmazottk\u00e9nt \u00e9n voltam a szellemi \u00e9s a fizikai munkaer\u0151, a c\u00e9gvezet\u0151 \u00e9s a helysz\u00ednre kivonul\u00f3 szakember is egyben. Villanyszerel\u0151k\u00e9nt ekkor m\u00e9g csak egyedi megrendel\u00e9seknek eleget t\u00e9ve mag\u00e1nh\u00e1zak <strong>villamos h\u00e1l\u00f3zat\u00e1nak szerel\u00e9s\u00e9t<\/strong> v\u00e9geztem.<\/p>\n<p>A lak\u00f3- \u00e9s gazdas\u00e1gi c\u00e9l\u00fa ingatlanok elektromos rendszer\u00e9nek ugr\u00e1sszer\u0171 mennyis\u00e9gi \u00e9s min\u0151s\u00e9gi fejl\u0151d\u00e9se azonban r\u00f6videsen megn\u00f6velte az ilyen profil\u00fa v\u00e1llalkoz\u00e1sokkal szembeni k\u00f6vetelm\u00e9nyszintet is. Az alkalmazott elektromos fogyaszt\u00f3k sz\u00e1m\u00e1nak robban\u00e1sszer\u0171 gyarapod\u00e1sa, valamint teljesen \u00fajonnan megjelent, \u00f6nmagukban is \u00f6sszetett rendszerek (pl. <strong>k\u00f6zponti porsz\u00edv\u00f3k<\/strong>) villanyh\u00e1l\u00f3zatba t\u00f6rt\u00e9n\u0151 integr\u00e1l\u00e1s\u00e1nak ig\u00e9nye \u00e1t\u00e9rt\u00e9kel\u00e9sre k\u00e9sztette az \u00e9p\u00fcletek elektromos h\u00e1l\u00f3zat\u00e1r\u00f3l alkotott k\u00e9p\u00fcnket.<\/p>\n<p>A mag\u00e1nlak\u00e1sokban is egyre ink\u00e1bb terjed az a gazdas\u00e1gi szf\u00e9r\u00e1b\u00f3l elindult gyakorlat, hogy a kimenetek m\u00e1r nem egyszer\u0171en \u00e1ramv\u00e9teli helyek (konnektorok), amelyekhez neh\u00e9z er\u0151forr\u00e1sokat tartalmaz\u00f3 h\u00e1ztart\u00e1si g\u00e9pek csatlakoztathat\u00f3k, hanem olyan <strong>struktur\u00e1lt h\u00e1l\u00f3zat<\/strong>, amely \u00f6nmag\u00e1ban valamennyi ig\u00e9nyelt szolg\u00e1ltat\u00e1st (<strong>telefon<\/strong>, <strong>internet<\/strong> stb.) egy-egy csatlakoz\u00e1si pontj\u00e1val a h\u00e1z minden zug\u00e1ban biztos\u00edtani tudja. Ezek az<strong> intelligens h\u00e1zak<\/strong>, amelyek ki\u00e9p\u00edt\u00e9sben m\u00e1r komoly szakmai referenci\u00e1ink vannak.<\/p>\n<p>A megrendel\u00e9sek n\u00f6veked\u00e9se \u00e9s az ig\u00e9nyek soksz\u00edn\u0171bb\u00e9 v\u00e1l\u00e1sa miatt a munkat\u00e1rsi l\u00e9tsz\u00e1mot \u00e9s a k\u00edn\u00e1lati palett\u00e1t egyar\u00e1nt b\u0151v\u00edteni kellett. Jelenleg n\u00e9gy f\u0151vel dolgozunk, \u00e9s a f\u0151 profil megtart\u00e1sa mellett imm\u00e1r <strong>\u00f6sszetett gyenge- \u00e9s er\u0151s\u00e1ram\u00fa rendszerek, elektromos kapuk, vill\u00e1mv\u00e9delmi strukt\u00far\u00e1k, teljes villamos h\u00e1l\u00f3zat ki- \u00e9s \u00e1t\u00e9p\u00edt\u00e9s\u00e9t v\u00e1llaljuk<\/strong> a tervek alapj\u00e1n az <strong>ingyenes aj\u00e1nlatk\u00e9r\u00e9st\u0151l<\/strong> \u00e9s a helysz\u00edni felm\u00e9r\u00e9st\u0151l az anyagbeszerz\u00e9sen \u00e1t a komplett kivitelez\u00e9sig mag\u00e1n- \u00e9s nagymegrendel\u0151k sz\u00e1m\u00e1ra egyar\u00e1nt. Az elv\u00e9gzett munk\u00e1ra garanci\u00e1t adunk \u00e9s szervizel\u00e9s\u00e9t is biztos\u00edtjuk. Sz\u00e1llod\u00e1k, panzi\u00f3k m\u0171szaki karbantart\u00e1s\u00e1t \u00fcgyeleti rendszerrel v\u00e1llaljuk.<\/p>\n<p>\u00dagy gondolom, hogy v\u00e1llalkoz\u00e1som dinamikus n\u00f6veked\u00e9se els\u0151sorban az ig\u00e9nyekhez t\u00f6rt\u00e9n\u0151 gyors alkalmazkod\u00e1s \u00e9s a pontos munkav\u00e9gz\u00e9s eredm\u00e9nye. Enn\u00e9l csak a min\u0151s\u00e9get tartjuk fontosabbnak. A megrendel\u00e9sek nagy sz\u00e1ma azt bizony\u00edtja, hogy a c\u00e9g nev\u00e9hez is m\u00e9lt\u00f3k lett\u00fcnk.<\/p>\n<p><strong>Ha \u00d6n is tagja szeretne lenni a bajnokcsapatnak, forduljon hozz\u00e1nk!<\/strong><\/p>\n<p>Megb\u00edzhat benn\u00fcnk! B\u00edzzon meg minket!<\/p>\n<p>\u00dcdv\u00f6zlettel:<\/p>\n<p>Andr\u00e1ssy L\u00e1szl\u00f3<\/p>\n<p>c\u00e9gvezet\u0151<\/p>\n<\/div>\n","protected":false},"excerpt":{"rendered":"<p>Tisztelt kor\u00e1bbi \u00e9s leend\u0151 \u00dcgyfeleink! A szombathelyi Vasi Bajnokok Bet\u00e9ti T\u00e1rsas\u00e1got 2002-ben alap\u00edtottam, ahol egyetlen \u00e1lland\u00f3 alkalmazottk\u00e9nt \u00e9n voltam a szellemi \u00e9s a fizikai munkaer\u0151, a c\u00e9gvezet\u0151 \u00e9s a helysz\u00ednre kivonul\u00f3 szakember is egyben. Villanyszerel\u0151k\u00e9nt ekkor m\u00e9g csak egyedi megrendel\u00e9seknek eleget t\u00e9ve mag\u00e1nh\u00e1zak villamos h\u00e1l\u00f3zat\u00e1nak szerel\u00e9s\u00e9t v\u00e9geztem. A lak\u00f3- \u00e9s gazdas\u00e1gi c\u00e9l\u00fa ingatlanok elektromos rendszer\u00e9nek &hellip; <a href=\"https:\/\/vasibajnokok.hu\/?page_id=2\" class=\"more-link\"><span class=\"screen-reader-text\">Magunkr\u00f3l<\/span> b\u0151vebben&#8230; <span class=\"meta-nav\">&rarr;<\/span><\/a><\/p>\n","protected":false},"author":1,"featured_media":0,"parent":0,"menu_order":0,"comment_status":"closed","ping_status":"closed","template":"","meta":[],"_links":{"self":[{"href":"https:\/\/vasibajnokok.hu\/index.php?rest_route=\/wp\/v2\/pages\/2"}],"collection":[{"href":"https:\/\/vasibajnokok.hu\/index.php?rest_route=\/wp\/v2\/pages"}],"about":[{"href":"https:\/\/vasibajnokok.hu\/index.php?rest_route=\/wp\/v2\/types\/page"}],"author":[{"embeddable":true,"href":"https:\/\/vasibajnokok.hu\/index.php?rest_route=\/wp\/v2\/users\/1"}],"replies":[{"embeddable":true,"href":"https:\/\/vasibajnokok.hu\/index.php?rest_route=%2Fwp%2Fv2%2Fcomments&post=2"}],"version-history":[{"count":6,"href":"https:\/\/vasibajnokok.hu\/index.php?rest_route=\/wp\/v2\/pages\/2\/revisions"}],"predecessor-version":[{"id":122,"href":"https:\/\/vasibajnokok.hu\/index.php?rest_route=\/wp\/v2\/pages\/2\/revisions\/122"}],"wp:attachment":[{"href":"https:\/\/vasibajnokok.hu\/index.php?rest_route=%2Fwp%2Fv2%2Fmedia&parent=2"}],"curies":[{"name":"wp","href":"https:\/\/api.w.org\/{rel}","templated":true}]}}