{"id":109,"date":"2010-03-30T18:46:21","date_gmt":"2010-03-30T17:46:21","guid":{"rendered":"http:\/\/vasibajnokok.hu\/?page_id=109"},"modified":"2018-11-18T22:51:20","modified_gmt":"2018-11-18T21:51:20","slug":"otletek-tanacsok","status":"publish","type":"page","link":"https:\/\/vasibajnokok.hu\/?page_id=109","title":{"rendered":"\u00d6tletek, tippek"},"content":{"rendered":"<p><a href=\"http:\/\/vasibajnokok.hu\/wp-content\/uploads\/logo6.jpg\"><img loading=\"lazy\" class=\"alignleft size-full wp-image-112\" title=\"logo\" src=\"http:\/\/vasibajnokok.hu\/wp-content\/uploads\/logo6.jpg\" alt=\"\" width=\"60\" height=\"37\" \/><\/a>Ha f\u00e9nyer\u0151ss\u00e9g szab\u00e1lyoz\u00f3s villanykapcsol\u00f3t haszn\u00e1lunk, \u00e1ll\u00edthatjuk a f\u00e9ny intezit\u00e1s\u00e1t, \u00edgy mindig csak a sz\u00fcks\u00e9ges megvil\u00e1g\u00edt\u00e1st haszn\u00e1lva cs\u00f6kkenthetj\u00fck az energiafogyaszt\u00e1st.<\/p>\n<p>Ha az izz\u00f3l\u00e1mp\u00e1ra nagyon r\u00f6vid ideig nincs sz\u00fcks\u00e9g\u00fcnk \u00e9s kikapcsoljuk, az l\u00e9nyegesen ler\u00f6vid\u00edti az \u00e9lettartalm\u00e1t, hamarabb sor ker\u00fcl a p\u00f3tl\u00e1s\u00e1ra, \u00edgy ez gazdas\u00e1gtalan energiamegtakar\u00edt\u00e1si lehet\u0151s\u00e9g.<\/p>\n<p>Ne kapcsoljuk ki az izz\u00f3kat hagyom\u00e1nyos k\u00f6rt\u00e9k eset\u00e9ben \u00f6t percn\u00e9l, a kompakt f\u00e9nycs\u00f6vek eset\u00e9ben tizen\u00f6t percn\u00e9l r\u00f6videbb id\u0151re, mert a felkapcsol\u00e1s annyi energi\u00e1t fogyaszt, mintha a f\u00e9nycs\u0151vel negyed \u00f3r\u00e1n \u00e1t folyamatosan vil\u00e1g\u00edtottunk volna<\/p>\n<p>.forr\u00e1s:www.muszakiak.com<\/p>\n","protected":false},"excerpt":{"rendered":"<p>Ha f\u00e9nyer\u0151ss\u00e9g szab\u00e1lyoz\u00f3s villanykapcsol\u00f3t haszn\u00e1lunk, \u00e1ll\u00edthatjuk a f\u00e9ny intezit\u00e1s\u00e1t, \u00edgy mindig csak a sz\u00fcks\u00e9ges megvil\u00e1g\u00edt\u00e1st haszn\u00e1lva cs\u00f6kkenthetj\u00fck az energiafogyaszt\u00e1st. Ha az izz\u00f3l\u00e1mp\u00e1ra nagyon r\u00f6vid ideig nincs sz\u00fcks\u00e9g\u00fcnk \u00e9s kikapcsoljuk, az l\u00e9nyegesen ler\u00f6vid\u00edti az \u00e9lettartalm\u00e1t, hamarabb sor ker\u00fcl a p\u00f3tl\u00e1s\u00e1ra, \u00edgy ez gazdas\u00e1gtalan energiamegtakar\u00edt\u00e1si lehet\u0151s\u00e9g. Ne kapcsoljuk ki az izz\u00f3kat hagyom\u00e1nyos k\u00f6rt\u00e9k eset\u00e9ben \u00f6t percn\u00e9l, a &hellip; <a href=\"https:\/\/vasibajnokok.hu\/?page_id=109\" class=\"more-link\"><span class=\"screen-reader-text\">\u00d6tletek, tippek<\/span> b\u0151vebben&#8230; <span class=\"meta-nav\">&rarr;<\/span><\/a><\/p>\n","protected":false},"author":1,"featured_media":0,"parent":0,"menu_order":5,"comment_status":"closed","ping_status":"closed","template":"","meta":[],"_links":{"self":[{"href":"https:\/\/vasibajnokok.hu\/index.php?rest_route=\/wp\/v2\/pages\/109"}],"collection":[{"href":"https:\/\/vasibajnokok.hu\/index.php?rest_route=\/wp\/v2\/pages"}],"about":[{"href":"https:\/\/vasibajnokok.hu\/index.php?rest_route=\/wp\/v2\/types\/page"}],"author":[{"embeddable":true,"href":"https:\/\/vasibajnokok.hu\/index.php?rest_route=\/wp\/v2\/users\/1"}],"replies":[{"embeddable":true,"href":"https:\/\/vasibajnokok.hu\/index.php?rest_route=%2Fwp%2Fv2%2Fcomments&post=109"}],"version-history":[{"count":4,"href":"https:\/\/vasibajnokok.hu\/index.php?rest_route=\/wp\/v2\/pages\/109\/revisions"}],"predecessor-version":[{"id":113,"href":"https:\/\/vasibajnokok.hu\/index.php?rest_route=\/wp\/v2\/pages\/109\/revisions\/113"}],"wp:attachment":[{"href":"https:\/\/vasibajnokok.hu\/index.php?rest_route=%2Fwp%2Fv2%2Fmedia&parent=109"}],"curies":[{"name":"wp","href":"https:\/\/api.w.org\/{rel}","templated":true}]}}