{"id":4,"date":"2010-03-05T16:05:51","date_gmt":"2010-03-05T15:05:51","guid":{"rendered":"http:\/\/vasibajnokok.hu\/?page_id=4"},"modified":"2018-11-18T22:51:14","modified_gmt":"2018-11-18T21:51:14","slug":"referenciak","status":"publish","type":"page","link":"http:\/\/vasibajnokok.hu\/?page_id=4","title":{"rendered":"Referenci\u00e1k"},"content":{"rendered":"<p><a href=\"http:\/\/vasibajnokok.hu\/wp-content\/uploads\/logo3.jpg\"><a href=\"http:\/\/vasibajnokok.hu\/wp-content\/uploads\/logo4.jpg\"><img loading=\"lazy\" class=\"alignleft size-full wp-image-101\" title=\"logo\" src=\"http:\/\/vasibajnokok.hu\/wp-content\/uploads\/logo4.jpg\" alt=\"\" width=\"60\" height=\"37\" \/><\/a><\/a>V\u00e1llalkoz\u00e1sunk m\u0171k\u00f6d\u00e9si ter\u00fclete els\u0151sorban Vas megy\u00e9re terjedt ki, de m\u00e1sutt is tal\u00e1lkozhatnak el\u00e9gedett megrendel\u0151inkkel. Ebben a rovatban az \u00e1ltalunk m\u00e1r elv\u00e9gzett munk\u00e1kat tekintheti meg tev\u00e9kenys\u00e9gi k\u00f6r\u00f6nk\u00e9nt csoportos\u00edtva, \u00edgy saj\u00e1t szem\u00e9vel gy\u0151z\u0151dhet meg azok min\u0151s\u00e9gi megval\u00f3s\u00edt\u00e1s\u00e1r\u00f3l.<\/p>\n<p>Rem\u00e9lj\u00fck, referenci\u00e1ink elnyerik tetsz\u00e9s\u00e9t, \u00e9s r\u00f6videsen megrendel\u0151ink k\u00f6z\u00f6tt k\u00f6sz\u00f6nthetj\u00fck ! Szeretn\u00e9nk b\u00fcszk\u00e9k lenni az \u00d6nn\u00e9l v\u00e9gzett munk\u00e1nkra is !<\/p>\n<figure id=\"attachment_71\" aria-describedby=\"caption-attachment-71\" style=\"width: 90px\" class=\"wp-caption alignright\"><a href=\"http:\/\/vasibajnokok.hu\/wp-content\/uploads\/cinema1.jpg\"><img loading=\"lazy\" class=\"size-thumbnail wp-image-71 \" title=\"Mozi k\u00e1v\u00e9z\u00f3 Szombathely\" src=\"http:\/\/vasibajnokok.hu\/wp-content\/uploads\/cinema1-150x150.jpg\" alt=\"\" width=\"90\" height=\"90\" \/><\/a><figcaption id=\"caption-attachment-71\" class=\"wp-caption-text\">mozi k\u00e1v\u00e9z\u00f3 Szombathely<\/figcaption><\/figure>\n<h2>Kateg\u00f3ri\u00e1k:<\/h2>\n<h2>Kereskedelmi-vend\u00e9gl\u00e1t\u00f3 egys\u00e9gek<\/h2>\n<ul>\n<li>\u00c1rk\u00e1dia Gy\u00f3gyszert\u00e1r<\/li>\n<li>\u00c1rk\u00e1dia h\u00e1ziorvosi rendel\u0151k<\/li>\n<li>Camping B\u00fck<\/li>\n<li>Cinema Cafe Szombathely<\/li>\n<li>Hotel Piroska B\u00fck \u00e9lm\u00e9nyf\u00fcrd\u0151<\/li>\n<\/ul>\n<figure id=\"attachment_67\" aria-describedby=\"caption-attachment-67\" style=\"width: 95px\" class=\"wp-caption alignright\"><a href=\"http:\/\/vasibajnokok.hu\/wp-content\/uploads\/medenceeste.web_.jpg\"><img loading=\"lazy\" class=\"size-thumbnail wp-image-67 \" title=\"wellness \" src=\"http:\/\/vasibajnokok.hu\/wp-content\/uploads\/medenceeste.web_-150x150.jpg\" alt=\"\" width=\"95\" height=\"95\" \/><\/a><figcaption id=\"caption-attachment-67\" class=\"wp-caption-text\">B\u00fck, sz\u00e1lloda wellness r\u00e9szlege<\/figcaption><\/figure>\n<ul>\n<li>Hotel Piroska B\u00fck pool B\u00e1r<\/li>\n<li>Sz\u00e1lloda B\u00fck massz\u00e1zsok kialak\u00edt\u00e1sa<\/li>\n<\/ul>\n<h2>Csal\u00e1di h\u00e1zak<\/h2>\n<ul>\n<li>Napvir\u00e1g-H\u00e1z, Zsira<\/li>\n<\/ul>\n<h2>K\u00f6zponti porsz\u00edv\u00f3k<\/h2>\n<div class=\"mceTemp\">\n<dl id=\"attachment_75\" class=\"wp-caption alignright\" style=\"width: 94px;\">\n<dt class=\"wp-caption-dt\"><a href=\"http:\/\/vasibajnokok.hu\/wp-content\/uploads\/DSC00130.jpg\"><img loading=\"lazy\" class=\"size-thumbnail wp-image-75 \" title=\"DSC00130\" src=\"http:\/\/vasibajnokok.hu\/wp-content\/uploads\/DSC00130-150x150.jpg\" alt=\"\" width=\"84\" height=\"84\" \/><\/a>k\u00f6zponti porsz\u00edv\u00f3<\/dt>\n<\/dl>\n<\/div>\n<ul>\n<li>Csal\u00e1di h\u00e1zak<\/li>\n<li>SCHOTT forma vitrum \u00e1ltal\u00e1nos karbantart\u00e1s<\/li>\n<\/ul>\n<h2>Sz\u00e1llod\u00e1k-panzi\u00f3k<\/h2>\n<ul>\n<li>Hotel Piroska 24 szoba b\u0151v\u00edt\u00e9s<\/li>\n<\/ul>\n","protected":false},"excerpt":{"rendered":"<p>V\u00e1llalkoz\u00e1sunk m\u0171k\u00f6d\u00e9si ter\u00fclete els\u0151sorban Vas megy\u00e9re terjedt ki, de m\u00e1sutt is tal\u00e1lkozhatnak el\u00e9gedett megrendel\u0151inkkel. Ebben a rovatban az \u00e1ltalunk m\u00e1r elv\u00e9gzett munk\u00e1kat tekintheti meg tev\u00e9kenys\u00e9gi k\u00f6r\u00f6nk\u00e9nt csoportos\u00edtva, \u00edgy saj\u00e1t szem\u00e9vel gy\u0151z\u0151dhet meg azok min\u0151s\u00e9gi megval\u00f3s\u00edt\u00e1s\u00e1r\u00f3l. Rem\u00e9lj\u00fck, referenci\u00e1ink elnyerik tetsz\u00e9s\u00e9t, \u00e9s r\u00f6videsen megrendel\u0151ink k\u00f6z\u00f6tt k\u00f6sz\u00f6nthetj\u00fck ! Szeretn\u00e9nk b\u00fcszk\u00e9k lenni az \u00d6nn\u00e9l v\u00e9gzett munk\u00e1nkra is ! Kateg\u00f3ri\u00e1k: &hellip; <a href=\"http:\/\/vasibajnokok.hu\/?page_id=4\" class=\"more-link\"><span class=\"screen-reader-text\">Referenci\u00e1k<\/span> b\u0151vebben&#8230; <span class=\"meta-nav\">&rarr;<\/span><\/a><\/p>\n","protected":false},"author":1,"featured_media":0,"parent":0,"menu_order":3,"comment_status":"closed","ping_status":"closed","template":"","meta":[],"_links":{"self":[{"href":"http:\/\/vasibajnokok.hu\/index.php?rest_route=\/wp\/v2\/pages\/4"}],"collection":[{"href":"http:\/\/vasibajnokok.hu\/index.php?rest_route=\/wp\/v2\/pages"}],"about":[{"href":"http:\/\/vasibajnokok.hu\/index.php?rest_route=\/wp\/v2\/types\/page"}],"author":[{"embeddable":true,"href":"http:\/\/vasibajnokok.hu\/index.php?rest_route=\/wp\/v2\/users\/1"}],"replies":[{"embeddable":true,"href":"http:\/\/vasibajnokok.hu\/index.php?rest_route=%2Fwp%2Fv2%2Fcomments&post=4"}],"version-history":[{"count":27,"href":"http:\/\/vasibajnokok.hu\/index.php?rest_route=\/wp\/v2\/pages\/4\/revisions"}],"predecessor-version":[{"id":125,"href":"http:\/\/vasibajnokok.hu\/index.php?rest_route=\/wp\/v2\/pages\/4\/revisions\/125"}],"wp:attachment":[{"href":"http:\/\/vasibajnokok.hu\/index.php?rest_route=%2Fwp%2Fv2%2Fmedia&parent=4"}],"curies":[{"name":"wp","href":"https:\/\/api.w.org\/{rel}","templated":true}]}}